{"id":42,"date":"2025-09-09T15:55:59","date_gmt":"2025-09-09T15:55:59","guid":{"rendered":"https:\/\/sattlutech.com\/?page_id=42"},"modified":"2025-10-08T10:29:38","modified_gmt":"2025-10-08T08:29:38","slug":"cgu","status":"publish","type":"page","link":"https:\/\/www.sattlutech.com\/cgu\/","title":{"rendered":"Cr\u00e9dits photo"},"content":{"rendered":"\n<p>Les visuels utilis\u00e9s sur ce site proviennent de diff\u00e9rentes sources : <\/p>\n\n\n\n<ul class=\"wp-block-list\">\n<li>Photographies ou vid\u00e9os r\u00e9alis\u00e9es par nos \u00e9quipes ou nos partenaires;<\/li>\n\n\n\n<li>Images ou vid\u00e9os issues de banques d\u2019images telles que Shutterstock, utilis\u00e9es conform\u00e9ment aux licences acquises; <\/li>\n\n\n\n<li>Visuels fournis par des institutions culturelles ou scientifiques (ex. : Mus\u00e9um national d\u2019Histoire naturelle). <\/li>\n<\/ul>\n\n\n\n<p>Tous les visuels sont prot\u00e9g\u00e9s par le droit d\u2019auteur. Toute reproduction, modification ou diffusion sans autorisation pr\u00e9alable est interdite. Pour toute question relative aux droits d\u2019utilisation des images, merci de nous contacter via la page <a href=\"http:\/\/www.sattlutech.com\/contact\/\">www.sattlutech.com\/contact\/<\/a>.<\/p>\n\n\n\n<h2 class=\"wp-block-heading has-medium-font-size\">Page d&#8217;accueil<\/h2>\n\n\n\n<ul class=\"wp-block-list\">\n<li>Secteur &#8211; Biotech\n<ul class=\"wp-block-list\">\n<li>Titre de la photo : Pr\u00e9paration d&#8217;amplification d&#8217;ADN &#8211; PRC (Polymerase Chain Reaction) <\/li>\n\n\n\n<li>Auteur : Agn\u00e8s IATZOURA <\/li>\n\n\n\n<li>Copyright : \u00a9 MNHN &#8211; Agn\u00e8s IATZOURA <\/li>\n\n\n\n<li>Typologie : Photographie <\/li>\n\n\n\n<li>Identifiant : 349489<\/li>\n\n\n\n<li>Nom du fichier : _AGN6914.jpg<\/li>\n\n\n\n<li>Source : Mus\u00e9um national d\u2019Histoire naturelle (MNHN)<\/li>\n<\/ul>\n<\/li>\n\n\n\n<li>Secteur &#8211; Greentech\n<ul class=\"wp-block-list\">\n<li>Titre de la photo : Culture in vitro &#8211; Tilia mongolica <\/li>\n\n\n\n<li>Auteur : Agn\u00e8s IATZOURA <\/li>\n\n\n\n<li>Copyright : \u00a9 MNHN &#8211; Agn\u00e8s IATZOURA <\/li>\n\n\n\n<li>Typologie : Photographie <\/li>\n\n\n\n<li>Identifiant : 409045<\/li>\n\n\n\n<li>Nom du fichier : AGN_1365.jpg<\/li>\n\n\n\n<li>Source : Mus\u00e9um national d\u2019Histoire naturelle (MNHN)<\/li>\n<\/ul>\n<\/li>\n\n\n\n<li>Secteur &#8211; SHS\n<ul class=\"wp-block-list\">\n<li>Titre de la photo : Archives d&#8217;anthropologie biologique <\/li>\n\n\n\n<li>Auteur : Agn\u00e8s IATZOURA <\/li>\n\n\n\n<li>Copyright : \u00a9 MNHN &#8211; Agn\u00e8s IATZOURA <\/li>\n\n\n\n<li>Typologie : Photographie <\/li>\n\n\n\n<li>Identifiant : 409983<\/li>\n\n\n\n<li>Nom du fichier : AGN_2050.jpg<\/li>\n\n\n\n<li>Source : Mus\u00e9um national d\u2019Histoire naturelle (MNHN)<\/li>\n<\/ul>\n<\/li>\n\n\n\n<li>Images et videos \u00a9 Shutterstock<\/li>\n<\/ul>\n\n\n\n<ul class=\"wp-block-list\"><\/ul>\n\n\n\n<h2 class=\"wp-block-heading has-medium-font-size\">Page &#8220;Qui sommes-nous?&#8221;<\/h2>\n\n\n\n<ul class=\"wp-block-list\">\n<li>Header\n<ul class=\"wp-block-list\">\n<li>Titre de la photo : Charme pleureur &#8216;Pendula&#8217;<\/li>\n\n\n\n<li>Auteur : F.G. GRANDIN<\/li>\n\n\n\n<li>Copyright : \u00a9 MNHN &#8211; F.G. GRANDIN<\/li>\n\n\n\n<li>Typologie : Photographie<\/li>\n\n\n\n<li>Identifiant : Charme pleureur &#8216;Pendula&#8217;<\/li>\n\n\n\n<li>Nom du fichier : FG4_4343 \u00a9 F-G Grandin MNHN.jpg<\/li>\n\n\n\n<li>Source : Mus\u00e9um national d\u2019Histoire naturelle (MNHN)<\/li>\n<\/ul>\n<\/li>\n<\/ul>\n\n\n\n<h2 class=\"wp-block-heading has-medium-font-size\">Page &#8220;L&#8217;\u00e9quipe&#8221;<\/h2>\n\n\n\n<ul class=\"wp-block-list\">\n<li>Header :\n<ul class=\"wp-block-list\">\n<li>Titre de la photo : Laitue d&#8217;eau <\/li>\n\n\n\n<li>Auteur : Agn\u00e8s IATZOURA <\/li>\n\n\n\n<li>Copyright : \u00a9 MNHN &#8211; Agn\u00e8s IATZOURA <\/li>\n\n\n\n<li>Typologie : Photographie <\/li>\n\n\n\n<li>Identifiant : 422283<\/li>\n\n\n\n<li>Nom du fichier : AGN_5938.jpg <\/li>\n\n\n\n<li>Source : Mus\u00e9um national d\u2019Histoire naturelle (MNHN)<\/li>\n<\/ul>\n<\/li>\n<\/ul>\n\n\n\n<h2 class=\"wp-block-heading has-medium-font-size\">Page &#8220;La gouvernance&#8221;<\/h2>\n\n\n\n<ul class=\"wp-block-list\">\n<li>Header :\n<ul class=\"wp-block-list\">\n<li>Titre de la photo : Azurite-Malachite-42.97_0886<\/li>\n\n\n\n<li>Auteur : Bernard FAYE<\/li>\n\n\n\n<li>Copyright : \u00a9 MNHN &#8211; Bernard FAYE<\/li>\n\n\n\n<li>Typologie : Photographie<\/li>\n\n\n\n<li>Identifiant : 229099<\/li>\n\n\n\n<li>Nom du fichier : p-2015-22633.jpg<\/li>\n\n\n\n<li>Source : Mus\u00e9um national d\u2019Histoire naturelle (MNHN)<\/li>\n<\/ul>\n<\/li>\n<\/ul>\n\n\n\n<h2 class=\"wp-block-heading has-medium-font-size\">Page &#8220;Nous rejoindre&#8221;<\/h2>\n\n\n\n<ul class=\"wp-block-list\">\n<li>Header\n<ul class=\"wp-block-list\">\n<li>Titre de la photo : gros plan sur feuille<\/li>\n\n\n\n<li>Auteur : Patrick LAFAITE<\/li>\n\n\n\n<li>Copyright : \u00a9 MNHN &#8211; Patrick Lafaite<\/li>\n\n\n\n<li>Typologie : Photographie<\/li>\n\n\n\n<li>Identifiant : 191566<\/li>\n\n\n\n<li>Nom du fichier : p-2011-00642.jpg<\/li>\n\n\n\n<li>Source : Mus\u00e9um national d\u2019Histoire naturelle (MNHN)<\/li>\n<\/ul>\n<\/li>\n<\/ul>\n\n\n\n<h2 class=\"wp-block-heading has-medium-font-size\">Page &#8220;Notre \u00e9cosyst\u00e8me&#8221;<\/h2>\n\n\n\n<ul class=\"wp-block-list\">\n<li>Header\n<ul class=\"wp-block-list\">\n<li>Titre de la photo : Gloire des neiges &#8211; Carr\u00e9 des iris<\/li>\n\n\n\n<li>Auteur : Agn\u00e8s IATZOURA<\/li>\n\n\n\n<li>Copyright : \u00a9 MNHN &#8211; Agn\u00e8s IATZOURA<\/li>\n\n\n\n<li>Typologie : Photographie<\/li>\n\n\n\n<li>Identifiant : 309442<\/li>\n\n\n\n<li>Nom du fichier : P-2021-02040.jpg<\/li>\n\n\n\n<li>Source : Mus\u00e9um national d\u2019Histoire naturelle (MNHN)<\/li>\n<\/ul>\n<\/li>\n\n\n\n<li>P\u00f4le Universitaire d&#8217;Innovation\n<ul class=\"wp-block-list\">\n<li>Copyright : \u00a9 L\u00e9on Grosse<\/li>\n\n\n\n<li>Typologie : Photographie <\/li>\n<\/ul>\n<\/li>\n\n\n\n<li>Cit\u00e9 de l&#8217;innovation\n<ul class=\"wp-block-list\">\n<li>Copyright : \u00a9 L\u00e9on Grosse<\/li>\n\n\n\n<li>Typologie : Photographie<\/li>\n<\/ul>\n<\/li>\n\n\n\n<li>\u00a9 image Shutterstock<\/li>\n<\/ul>\n\n\n\n<h2 class=\"wp-block-heading has-medium-font-size\">Page &#8220;Nos actualit\u00e9s&#8221;<\/h2>\n\n\n\n<ul class=\"wp-block-list\">\n<li>Header\n<ul class=\"wp-block-list\">\n<li>Titre de la photo : Rubis-de-synth\u00e8se-sn\u00b0_0521<\/li>\n\n\n\n<li>Auteur : Bernard FAYE<\/li>\n\n\n\n<li>Copyright : \u00a9 MNHN &#8211; Bernard FAYE<\/li>\n\n\n\n<li>Typologie : Photographie<\/li>\n\n\n\n<li>Identifiant : 228910<\/li>\n\n\n\n<li>Nom du fichier : p-2015-22545.jpg<\/li>\n\n\n\n<li>Source : Mus\u00e9um national d\u2019Histoire naturelle (MNHN)<\/li>\n<\/ul>\n<\/li>\n<\/ul>\n\n\n\n<h2 class=\"wp-block-heading has-medium-font-size\">Page &#8220;Nos fiches techno&#8221;<\/h2>\n\n\n\n<ul class=\"wp-block-list\">\n<li>Header\n<ul class=\"wp-block-list\">\n<li>Titre de la photo : Fungarium &#8211; Collections de champignons<\/li>\n\n\n\n<li>Auteur : Agn\u00e8s IATZOURA<\/li>\n\n\n\n<li>Copyright : \u00a9 MNHN &#8211; Agn\u00e8s IATZOURA<\/li>\n\n\n\n<li>Typologie : Photographie<\/li>\n\n\n\n<li>Identifiant : 416173<\/li>\n\n\n\n<li>Nom du fichier : AGN_3691.jpg<\/li>\n\n\n\n<li>Source : Mus\u00e9um national d\u2019Histoire naturelle (MNHN)<\/li>\n<\/ul>\n<\/li>\n<\/ul>\n\n\n\n<h2 class=\"wp-block-heading has-medium-font-size\">Page &#8220;Nos startups&#8221;<\/h2>\n\n\n\n<ul class=\"wp-block-list\">\n<li>Header\n<ul class=\"wp-block-list\">\n<li>Titre de la photo : Exposition Tr\u00e9sors de la Terre<\/li>\n\n\n\n<li>Auteur : Bernard FAYE<\/li>\n\n\n\n<li>Copyright : \u00a9 MNHN &#8211; Bernard FAYE<\/li>\n\n\n\n<li>Typologie : Photographie<\/li>\n\n\n\n<li>Identifiant : 277939<\/li>\n\n\n\n<li>Nom du fichier : P-2016-00488.jpg<\/li>\n\n\n\n<li>Source : Mus\u00e9um national d\u2019Histoire naturelle (MNHN)<\/li>\n<\/ul>\n<\/li>\n<\/ul>\n\n\n\n<h2 class=\"wp-block-heading has-medium-font-size\">Page &#8220;Nos success stories&#8221;<\/h2>\n\n\n\n<ul class=\"wp-block-list\">\n<li>Header \n<ul class=\"wp-block-list\">\n<li>Titre de la photo : Erable de Cappadoce &#8211; Arboretum Lin\u00e9aire (All\u00e9e Cuvier)<\/li>\n\n\n\n<li>Auteur : Agn\u00e8s IATZOURA<\/li>\n\n\n\n<li>Copyright : \u00a9 MNHN &#8211; Agn\u00e8s IATZOURA<\/li>\n\n\n\n<li>Typologie : Photographie<\/li>\n\n\n\n<li>Identifiant : 423519<\/li>\n\n\n\n<li>Nom du fichier : AGN_7514.jpg<\/li>\n\n\n\n<li>Source : Mus\u00e9um national d\u2019Histoire naturelle (MNHN)<\/li>\n<\/ul>\n<\/li>\n<\/ul>\n\n\n\n<h2 class=\"wp-block-heading has-medium-font-size\">Page &#8220;L&#8217;accompagnement SATT Lutech&#8221;<\/h2>\n\n\n\n<ul class=\"wp-block-list\">\n<li>Header\n<ul class=\"wp-block-list\">\n<li>Titre de la photo : Anaconda vert<\/li>\n\n\n\n<li>Auteur : Ghislain BALEMBOY<\/li>\n\n\n\n<li>Copyright : \u00a9 MNHN &#8211; Ghislain BALEMBOY<\/li>\n\n\n\n<li>Typologie : Photographie<\/li>\n\n\n\n<li>Identifiant : 422979<\/li>\n\n\n\n<li>Nom du fichier : FG9_9206 &#8211; Anaconda vert &#8211; Eunectes murinus<\/li>\n\n\n\n<li>Source : Mus\u00e9um national d\u2019Histoire naturelle (MNHN)<\/li>\n<\/ul>\n<\/li>\n\n\n\n<li>\u00a9 images Shutterstock<\/li>\n<\/ul>\n\n\n\n<h2 class=\"wp-block-heading has-medium-font-size\">Page &#8220;Nos offres&#8221;<\/h2>\n\n\n\n<ul class=\"wp-block-list\">\n<li>Header\n<ul class=\"wp-block-list\">\n<li>Titre de la photo : Blob (Physarum polycephalum)<\/li>\n\n\n\n<li>Auteur : F.G. GRANDIN<\/li>\n\n\n\n<li>Copyright : \u00a9 MNHN &#8211; F.G. GRANDIN<\/li>\n\n\n\n<li>Typologie : Photographie<\/li>\n\n\n\n<li>Identifiant : 265714<\/li>\n\n\n\n<li>Nom du fichier : FG4_1034__F-G_Grandin_MNHN_01.jpg<\/li>\n\n\n\n<li>Source : Mus\u00e9um national d\u2019Histoire naturelle (MNHN)<\/li>\n<\/ul>\n<\/li>\n<\/ul>\n\n\n\n<h2 class=\"wp-block-heading has-medium-font-size\">Page &#8220;Politique de confidentialit\u00e9&#8221;<\/h2>\n\n\n\n<ul class=\"wp-block-list\">\n<li>Header \n<ul class=\"wp-block-list\">\n<li>Titre de la photo : Dendrites d&#8217;oxyde de fer et\/ou de mangan\u00e8se<\/li>\n\n\n\n<li>Auteur : Agn\u00e8s IATZOURA<\/li>\n\n\n\n<li>Copyright : \u00a9 MNHN &#8211; Agn\u00e8s IATZOURA<\/li>\n\n\n\n<li>Typologie : Photographie<\/li>\n\n\n\n<li>Identifiant : 373869<\/li>\n\n\n\n<li>Nom du fichier : _AGN7834.jpg<\/li>\n\n\n\n<li>Source : Mus\u00e9um national d\u2019Histoire naturelle (MNHN)<\/li>\n<\/ul>\n<\/li>\n<\/ul>\n\n\n\n<h2 class=\"wp-block-heading has-medium-font-size\">Page &#8220;Cr\u00e9dits photos&#8221;<\/h2>\n\n\n\n<ul class=\"wp-block-list\">\n<li>Header\n<ul class=\"wp-block-list\">\n<li>Titre de la photo : Bleu eryngo &#8211; Houx de mer plat &#8211; Chardon bleu &#8211; Eryngium amethystinum Panicaut amethyste<\/li>\n\n\n\n<li>Auteur : Snezana GERBAULT<\/li>\n\n\n\n<li>Copyright : \u00a9 MNHN &#8211; Snezana Gerbault<\/li>\n\n\n\n<li>Typologie : Photographie<\/li>\n\n\n\n<li>Identifiant : 260848<\/li>\n\n\n\n<li>Nom du fichier : DSC_6993__Eryngium_planum.jpg<\/li>\n\n\n\n<li>Source : Mus\u00e9um national d\u2019Histoire naturelle (MNHN)<\/li>\n<\/ul>\n<\/li>\n<\/ul>\n\n\n\n<p><\/p>\n","protected":false},"excerpt":{"rendered":"<p>Les visuels utilis\u00e9s sur ce site proviennent de diff\u00e9rentes sources : Tous les visuels sont prot\u00e9g\u00e9s par le droit d\u2019auteur. Toute reproduction, modification ou diffusion sans autorisation pr\u00e9alable est interdite. Pour toute question relative aux droits d\u2019utilisation des images, merci de nous contacter via la page www.sattlutech.com\/contact\/. Page d&#8217;accueil Page &#8220;Qui sommes-nous?&#8221; Page &#8220;L&#8217;\u00e9quipe&#8221; Page [&hellip;]<\/p>\n","protected":false},"author":1,"featured_media":1256,"parent":0,"menu_order":0,"comment_status":"closed","ping_status":"closed","template":"","meta":{"_acf_changed":false,"inline_featured_image":false,"footnotes":""},"class_list":["post-42","page","type-page","status-publish","has-post-thumbnail","hentry"],"acf":[],"yoast_head":"<!-- This site is optimized with the Yoast SEO plugin v26.1.1 - https:\/\/yoast.com\/wordpress\/plugins\/seo\/ -->\n<title>Cr\u00e9dits photo - SATT Lutech<\/title>\n<meta name=\"description\" content=\"Page d\u00e9di\u00e9e aux cr\u00e9dits photos du site : sources des images, auteurs, mentions l\u00e9gales et licences (Shutterstock, institutions, photographes).\" \/>\n<meta name=\"robots\" content=\"index, follow, max-snippet:-1, max-image-preview:large, max-video-preview:-1\" \/>\n<link rel=\"canonical\" href=\"https:\/\/www.sattlutech.com\/en\/cgu\/\" \/>\n<meta property=\"og:locale\" content=\"en_US\" \/>\n<meta property=\"og:type\" content=\"article\" \/>\n<meta property=\"og:title\" content=\"Cr\u00e9dits photo - SATT Lutech\" \/>\n<meta property=\"og:description\" content=\"Page d\u00e9di\u00e9e aux cr\u00e9dits photos du site : sources des images, auteurs, mentions l\u00e9gales et licences (Shutterstock, institutions, photographes).\" \/>\n<meta property=\"og:url\" content=\"https:\/\/www.sattlutech.com\/cgu\/\" \/>\n<meta property=\"og:site_name\" content=\"SATT Lutech\" \/>\n<meta property=\"article:modified_time\" content=\"2025-10-08T08:29:38+00:00\" \/>\n<meta property=\"og:image\" content=\"https:\/\/www.sattlutech.com\/wp-content\/uploads\/2025\/10\/dsc_6993__eryngium_planum.jpg\" \/>\n\t<meta property=\"og:image:width\" content=\"2048\" \/>\n\t<meta property=\"og:image:height\" content=\"1367\" \/>\n\t<meta property=\"og:image:type\" content=\"image\/jpeg\" \/>\n<meta name=\"twitter:card\" content=\"summary_large_image\" \/>\n<meta name=\"twitter:label1\" content=\"Est. reading time\" \/>\n\t<meta name=\"twitter:data1\" content=\"4 minutes\" \/>\n<script type=\"application\/ld+json\" class=\"yoast-schema-graph\">{\"@context\":\"https:\/\/schema.org\",\"@graph\":[{\"@type\":\"WebPage\",\"@id\":\"https:\/\/www.sattlutech.com\/cgu\/\",\"url\":\"https:\/\/www.sattlutech.com\/cgu\/\",\"name\":\"Cr\u00e9dits photo - SATT Lutech\",\"isPartOf\":{\"@id\":\"https:\/\/www.sattlutech.com\/en\/#website\"},\"primaryImageOfPage\":{\"@id\":\"https:\/\/www.sattlutech.com\/cgu\/#primaryimage\"},\"image\":{\"@id\":\"https:\/\/www.sattlutech.com\/cgu\/#primaryimage\"},\"thumbnailUrl\":\"https:\/\/www.sattlutech.com\/wp-content\/uploads\/2025\/10\/dsc_6993__eryngium_planum.jpg\",\"datePublished\":\"2025-09-09T15:55:59+00:00\",\"dateModified\":\"2025-10-08T08:29:38+00:00\",\"description\":\"Page d\u00e9di\u00e9e aux cr\u00e9dits photos du site : sources des images, auteurs, mentions l\u00e9gales et licences (Shutterstock, institutions, photographes).\",\"breadcrumb\":{\"@id\":\"https:\/\/www.sattlutech.com\/cgu\/#breadcrumb\"},\"inLanguage\":\"en-US\",\"potentialAction\":[{\"@type\":\"ReadAction\",\"target\":[\"https:\/\/www.sattlutech.com\/cgu\/\"]}]},{\"@type\":\"ImageObject\",\"inLanguage\":\"en-US\",\"@id\":\"https:\/\/www.sattlutech.com\/cgu\/#primaryimage\",\"url\":\"https:\/\/www.sattlutech.com\/wp-content\/uploads\/2025\/10\/dsc_6993__eryngium_planum.jpg\",\"contentUrl\":\"https:\/\/www.sattlutech.com\/wp-content\/uploads\/2025\/10\/dsc_6993__eryngium_planum.jpg\",\"width\":2048,\"height\":1367},{\"@type\":\"BreadcrumbList\",\"@id\":\"https:\/\/www.sattlutech.com\/cgu\/#breadcrumb\",\"itemListElement\":[{\"@type\":\"ListItem\",\"position\":1,\"name\":\"Accueil\",\"item\":\"https:\/\/www.sattlutech.com\/en\/\"},{\"@type\":\"ListItem\",\"position\":2,\"name\":\"Cr\u00e9dits photo\"}]},{\"@type\":\"WebSite\",\"@id\":\"https:\/\/www.sattlutech.com\/en\/#website\",\"url\":\"https:\/\/www.sattlutech.com\/en\/\",\"name\":\"SATT Lutech\",\"description\":\"Au service des talents cr\u00e9atifs et technologiques de l&#039;Alliance Sorbonne Universit\u00e9 pour innover le monde de demain\",\"publisher\":{\"@id\":\"https:\/\/www.sattlutech.com\/en\/#organization\"},\"potentialAction\":[{\"@type\":\"SearchAction\",\"target\":{\"@type\":\"EntryPoint\",\"urlTemplate\":\"https:\/\/www.sattlutech.com\/en\/?s={search_term_string}\"},\"query-input\":{\"@type\":\"PropertyValueSpecification\",\"valueRequired\":true,\"valueName\":\"search_term_string\"}}],\"inLanguage\":\"en-US\"},{\"@type\":\"Organization\",\"@id\":\"https:\/\/www.sattlutech.com\/en\/#organization\",\"name\":\"SATT Lutech\",\"url\":\"https:\/\/www.sattlutech.com\/en\/\",\"logo\":{\"@type\":\"ImageObject\",\"inLanguage\":\"en-US\",\"@id\":\"https:\/\/www.sattlutech.com\/en\/#\/schema\/logo\/image\/\",\"url\":\"https:\/\/www.sattlutech.com\/wp-content\/uploads\/2025\/10\/logo_sattlutech_2025.png\",\"contentUrl\":\"https:\/\/www.sattlutech.com\/wp-content\/uploads\/2025\/10\/logo_sattlutech_2025.png\",\"width\":1200,\"height\":675,\"caption\":\"SATT Lutech\"},\"image\":{\"@id\":\"https:\/\/www.sattlutech.com\/en\/#\/schema\/logo\/image\/\"}}]}<\/script>\n<!-- \/ Yoast SEO plugin. -->","yoast_head_json":{"title":"Cr\u00e9dits photo - SATT Lutech","description":"Page d\u00e9di\u00e9e aux cr\u00e9dits photos du site : sources des images, auteurs, mentions l\u00e9gales et licences (Shutterstock, institutions, photographes).","robots":{"index":"index","follow":"follow","max-snippet":"max-snippet:-1","max-image-preview":"max-image-preview:large","max-video-preview":"max-video-preview:-1"},"canonical":"https:\/\/www.sattlutech.com\/en\/cgu\/","og_locale":"en_US","og_type":"article","og_title":"Cr\u00e9dits photo - SATT Lutech","og_description":"Page d\u00e9di\u00e9e aux cr\u00e9dits photos du site : sources des images, auteurs, mentions l\u00e9gales et licences (Shutterstock, institutions, photographes).","og_url":"https:\/\/www.sattlutech.com\/cgu\/","og_site_name":"SATT Lutech","article_modified_time":"2025-10-08T08:29:38+00:00","og_image":[{"width":2048,"height":1367,"url":"https:\/\/www.sattlutech.com\/wp-content\/uploads\/2025\/10\/dsc_6993__eryngium_planum.jpg","type":"image\/jpeg"}],"twitter_card":"summary_large_image","twitter_misc":{"Est. reading time":"4 minutes"},"schema":{"@context":"https:\/\/schema.org","@graph":[{"@type":"WebPage","@id":"https:\/\/www.sattlutech.com\/cgu\/","url":"https:\/\/www.sattlutech.com\/cgu\/","name":"Cr\u00e9dits photo - SATT Lutech","isPartOf":{"@id":"https:\/\/www.sattlutech.com\/en\/#website"},"primaryImageOfPage":{"@id":"https:\/\/www.sattlutech.com\/cgu\/#primaryimage"},"image":{"@id":"https:\/\/www.sattlutech.com\/cgu\/#primaryimage"},"thumbnailUrl":"https:\/\/www.sattlutech.com\/wp-content\/uploads\/2025\/10\/dsc_6993__eryngium_planum.jpg","datePublished":"2025-09-09T15:55:59+00:00","dateModified":"2025-10-08T08:29:38+00:00","description":"Page d\u00e9di\u00e9e aux cr\u00e9dits photos du site : sources des images, auteurs, mentions l\u00e9gales et licences (Shutterstock, institutions, photographes).","breadcrumb":{"@id":"https:\/\/www.sattlutech.com\/cgu\/#breadcrumb"},"inLanguage":"en-US","potentialAction":[{"@type":"ReadAction","target":["https:\/\/www.sattlutech.com\/cgu\/"]}]},{"@type":"ImageObject","inLanguage":"en-US","@id":"https:\/\/www.sattlutech.com\/cgu\/#primaryimage","url":"https:\/\/www.sattlutech.com\/wp-content\/uploads\/2025\/10\/dsc_6993__eryngium_planum.jpg","contentUrl":"https:\/\/www.sattlutech.com\/wp-content\/uploads\/2025\/10\/dsc_6993__eryngium_planum.jpg","width":2048,"height":1367},{"@type":"BreadcrumbList","@id":"https:\/\/www.sattlutech.com\/cgu\/#breadcrumb","itemListElement":[{"@type":"ListItem","position":1,"name":"Accueil","item":"https:\/\/www.sattlutech.com\/en\/"},{"@type":"ListItem","position":2,"name":"Cr\u00e9dits photo"}]},{"@type":"WebSite","@id":"https:\/\/www.sattlutech.com\/en\/#website","url":"https:\/\/www.sattlutech.com\/en\/","name":"SATT Lutech","description":"Au service des talents cr\u00e9atifs et technologiques de l&#039;Alliance Sorbonne Universit\u00e9 pour innover le monde de demain","publisher":{"@id":"https:\/\/www.sattlutech.com\/en\/#organization"},"potentialAction":[{"@type":"SearchAction","target":{"@type":"EntryPoint","urlTemplate":"https:\/\/www.sattlutech.com\/en\/?s={search_term_string}"},"query-input":{"@type":"PropertyValueSpecification","valueRequired":true,"valueName":"search_term_string"}}],"inLanguage":"en-US"},{"@type":"Organization","@id":"https:\/\/www.sattlutech.com\/en\/#organization","name":"SATT Lutech","url":"https:\/\/www.sattlutech.com\/en\/","logo":{"@type":"ImageObject","inLanguage":"en-US","@id":"https:\/\/www.sattlutech.com\/en\/#\/schema\/logo\/image\/","url":"https:\/\/www.sattlutech.com\/wp-content\/uploads\/2025\/10\/logo_sattlutech_2025.png","contentUrl":"https:\/\/www.sattlutech.com\/wp-content\/uploads\/2025\/10\/logo_sattlutech_2025.png","width":1200,"height":675,"caption":"SATT Lutech"},"image":{"@id":"https:\/\/www.sattlutech.com\/en\/#\/schema\/logo\/image\/"}}]}},"_links":{"self":[{"href":"https:\/\/www.sattlutech.com\/en\/wp-json\/wp\/v2\/pages\/42","targetHints":{"allow":["GET"]}}],"collection":[{"href":"https:\/\/www.sattlutech.com\/en\/wp-json\/wp\/v2\/pages"}],"about":[{"href":"https:\/\/www.sattlutech.com\/en\/wp-json\/wp\/v2\/types\/page"}],"author":[{"embeddable":true,"href":"https:\/\/www.sattlutech.com\/en\/wp-json\/wp\/v2\/users\/1"}],"replies":[{"embeddable":true,"href":"https:\/\/www.sattlutech.com\/en\/wp-json\/wp\/v2\/comments?post=42"}],"version-history":[{"count":16,"href":"https:\/\/www.sattlutech.com\/en\/wp-json\/wp\/v2\/pages\/42\/revisions"}],"predecessor-version":[{"id":1453,"href":"https:\/\/www.sattlutech.com\/en\/wp-json\/wp\/v2\/pages\/42\/revisions\/1453"}],"wp:featuredmedia":[{"embeddable":true,"href":"https:\/\/www.sattlutech.com\/en\/wp-json\/wp\/v2\/media\/1256"}],"wp:attachment":[{"href":"https:\/\/www.sattlutech.com\/en\/wp-json\/wp\/v2\/media?parent=42"}],"curies":[{"name":"wp","href":"https:\/\/api.w.org\/{rel}","templated":true}]}}